{"id":646,"date":"2026-03-02T22:18:29","date_gmt":"2026-03-02T21:18:29","guid":{"rendered":"https:\/\/www.kunstradsport.ch\/?page_id=646"},"modified":"2026-03-09T11:50:10","modified_gmt":"2026-03-09T10:50:10","slug":"ethik-im-verein","status":"publish","type":"page","link":"https:\/\/www.kunstradsport.ch\/?page_id=646","title":{"rendered":"Ethik im Verein"},"content":{"rendered":"\n<p>Wir stehen ein f\u00fcr einen verantwortungsvollen Sport und unterst\u00fctzen vorbehaltlos die <a href=\"https:\/\/www.swissolympic.ch\/verbaende\/werte-ethik\/ethik-charta\" target=\"_blank\" rel=\"noreferrer noopener\">Ethik-Charta von SwissOlympic<\/a>. <\/p>\n\n\n\n<p>Der \u00abBranchenstandard Schweizer Sport\u00bb, der per 1.1.2026 in Kraft getreten ist, stellt verbindliche Mindestanforderungen in der Qualit\u00e4t, Sicherheit und Integrit\u00e4t an Vereine, die \u00f6ffentliche Gelder erhalten. Da unser Verein J+S Gelder erh\u00e4lt, unterliegen wir diesen Richtlinien, die im <a href=\"https:\/\/www.swissolympic.ch\/dam\/jcr:3c42679f-34d3-46a3-b6ff-2def226054a4\/Ethik-Statut_2025_final_DE.pdf\" target=\"_blank\" rel=\"noreferrer noopener\">Ethik-Statut von SwissOlympic<\/a> detailliert beschrieben sind. <\/p>\n\n\n\n<p>Meldungen von Verst\u00f6ssen k\u00f6nnen an die Kommission f\u00fcr <a href=\"https:\/\/www.swiss-iuc.ch\/Organisation\/Ethik\" data-type=\"link\" data-id=\"https:\/\/www.swiss-iuc.ch\/Organisation\/Ethik\" target=\"_blank\" rel=\"noreferrer noopener nofollow\">Ethik und Konflikte unseres Verbandes<\/a> gemacht werden oder anonym bei <a href=\"https:\/\/www.sportintegrity.ch\/organisation\/vorfall-melden\" target=\"_blank\" rel=\"noreferrer noopener nofollow\">SwissSportIntegrity<\/a> eingereicht werden. <\/p>\n","protected":false},"excerpt":{"rendered":"<p>Wir stehen ein f\u00fcr einen verantwortungsvollen Sport und unterst\u00fctzen vorbehaltlos die Ethik-Charta von SwissOlympic. Der \u00abBranchenstandard Schweizer Sport\u00bb, der per 1.1.2026 in Kraft getreten ist, stellt verbindliche Mindestanforderungen in der Qualit\u00e4t, Sicherheit und Integrit\u00e4t an Vereine, die \u00f6ffentliche Gelder erhalten. Da unser Verein J+S Gelder erh\u00e4lt, unterliegen wir diesen Richtlinien, die im Ethik-Statut von SwissOlympic &hellip; <\/p>\n<p class=\"link-more\"><a href=\"https:\/\/www.kunstradsport.ch\/?page_id=646\" class=\"more-link\"><span class=\"screen-reader-text\">\u201eEthik im Verein\u201c<\/span> weiterlesen<\/a><\/p>\n","protected":false},"author":2,"featured_media":0,"parent":0,"menu_order":0,"comment_status":"closed","ping_status":"closed","template":"","meta":{"footnotes":""},"_links":{"self":[{"href":"https:\/\/www.kunstradsport.ch\/index.php?rest_route=\/wp\/v2\/pages\/646"}],"collection":[{"href":"https:\/\/www.kunstradsport.ch\/index.php?rest_route=\/wp\/v2\/pages"}],"about":[{"href":"https:\/\/www.kunstradsport.ch\/index.php?rest_route=\/wp\/v2\/types\/page"}],"author":[{"embeddable":true,"href":"https:\/\/www.kunstradsport.ch\/index.php?rest_route=\/wp\/v2\/users\/2"}],"replies":[{"embeddable":true,"href":"https:\/\/www.kunstradsport.ch\/index.php?rest_route=%2Fwp%2Fv2%2Fcomments&post=646"}],"version-history":[{"count":5,"href":"https:\/\/www.kunstradsport.ch\/index.php?rest_route=\/wp\/v2\/pages\/646\/revisions"}],"predecessor-version":[{"id":738,"href":"https:\/\/www.kunstradsport.ch\/index.php?rest_route=\/wp\/v2\/pages\/646\/revisions\/738"}],"wp:attachment":[{"href":"https:\/\/www.kunstradsport.ch\/index.php?rest_route=%2Fwp%2Fv2%2Fmedia&parent=646"}],"curies":[{"name":"wp","href":"https:\/\/api.w.org\/{rel}","templated":true}]}}